{"id":232,"date":"2022-12-01T23:36:25","date_gmt":"2022-12-01T22:36:25","guid":{"rendered":"https:\/\/geic-tn.com\/?page_id=232"},"modified":"2024-05-28T10:59:57","modified_gmt":"2024-05-28T08:59:57","slug":"contact-us","status":"publish","type":"page","link":"https:\/\/geic-tn.com\/en\/contact-us\/","title":{"rendered":"Contact us"},"content":{"rendered":"<section class=\"space-top\">\r\n    <div class=\"container\">\r\n        <div class=\"row\">\r\n            <div class=\"col-lg-5 mb-5 pb-lg-4\">\r\n                <h2 class=\"border-title2\">Contact informations<\/h2>\r\n                <div class=\"contact-info\">\r\n                    <h3 class=\"contact-info_title\">Phone:<\/h3>\r\n                    <div class=\"contact-info_icon\"><i class=\"fal fa-phone\"><\/i><\/div>\r\n                    <div class=\"media-body\"><span class=\"contact-info_text\"><a href=\"tel:+216 74 461 905\">+216 74 461 905<\/a><a href=\"tel:+216 74 461 907\">+216 74 461 907<\/a><\/span><\/div>\r\n                <\/div>\r\n                <div class=\"contact-info\">\r\n                    <h3 class=\"contact-info_title\">Mail:<\/h3>\r\n                    <div class=\"contact-info_icon\"><i class=\"fal fa-envelope\"><\/i><\/div>\r\n                    <div class=\"media-body\"><span class=\"contact-info_text\"><a href=\"mailto:geic@tunet.tn\">geic@tunet.tn<\/a><a href=\"mailto:contact@geic.com\">contact@geic.com<\/a><\/span><\/div>\r\n                <\/div>\r\n                <div class=\"contact-info\">\r\n                    <h3 class=\"contact-info_title\">Address:<\/h3>\r\n                    <div class=\"contact-info_icon\"><i class=\"fal fa-location-dot\"><\/i><\/div>\r\n                    <div class=\"media-body\"><span class=\"contact-info_text\">Road Majida Boulila faiez buildingapartement M2 Sfax &#8211; Tunisia<\/span><\/div>\r\n                <\/div>\r\n            <\/div>\r\n            <div class=\"col-lg-7 align-self-end\"><style type=\"text\/css\">#nex-forms{display:none;}<\/style><div id=\"nf_form_87439\">\r\n\r\n\t\t\t<style type=\"text\/css\">\r\n\r\n\t\t\t\t#nex-forms.contact-us .nf-loader-lds-spinner div:after {background: #40C4FF; }\r\n\t\t\t\t#nex-forms.contact-us .nf-loader-lds-grid div {background: #40C4FF; }\r\n\t\t\t\t#nex-forms.contact-us .nf-loader-lds-ellipsis div { background: #40C4FF;}\r\n\t\t\t\t#nex-forms.contact-us .nf-loader-lds-default div {background: #40C4FF;}\r\n\t\t\t\t#nex-forms.contact-us .nf-loader-lds-roller div:after {background: #40C4FF;}\r\n\t\t\t\t#nex-forms.contact-us .nf-loader-lds-heart div,\r\n\t\t\t\t#nex-forms.contact-us .nf-loader-lds-heart div:after,\r\n\t\t\t\t#nex-forms.contact-us .nf-loader-lds-heart div:before {background: #40C4FF;}\r\n\r\n\r\n\t\t\t\t#nex-forms.contact-us .nf-loader-lds-facebook div {background: #40C4FF;}\r\n\t\t\t\t#nex-forms.contact-us .nf-loader-lds-circle > div {background: #40C4FF;}\r\n\r\n\t\t\t\t#nex-forms.contact-us .nf-loader-lds-dual-ring:after {border: 6px solid #40C4FF;border-color: #40C4FF transparent #40C4FF transparent;}\r\n\t\t\t\t#nex-forms.contact-us .nf-loader-lds-ring div {border: 8px solid #40C4FF;border-color: #40C4FF transparent transparent transparent;}\r\n\t\t\t\t#nex-forms.contact-us .nf-loader-lds-hourglass:after {border: 32px solid #40C4FF;border-color: #40C4FF transparent #40C4FF transparent;}\r\n\t\t\t\t#nex-forms.contact-us .nf-loader-lds-ripple div {border: 4px solid #40C4FF;}\r\n\t\t\t<\/style>\r\n\r\n\r\n\t\t\t<div id=\"nex-forms\" data-loader=\"ellipsis\" data-msg-hide-form=\"no\" data-msg-position=\"bottom\" data-msg-placement=\"outside\"  class=\"nex-forms contact-us  \"><div class=\"pre_fill_fields\"><\/div><div class=\"set_form_theme theme-default\"><div data-timer-start=\"1\" data-timer-end=\"0\" class=\"inner-canvas-container ui-nex-forms-container  bootstrap\" id=\"ui-nex-forms-container-3\"  ><div class=\"current_step\" style=\"display:none;\">1<\/div><div class=\"last_visited_step\" style=\"display:none;\">1<\/div><div class=\"nex-forms-header-footer nex-forms-header timer_inline timer_right \"><div class=\"bc-outer-container \"><div style=\"\" class=\"nf_ms_breadcrumb  bc-gutter-20 bc-top bc-solid bc-connected bc-unfolded pilled \">\n\t\t\t\t\t\t\t\t\t\t<ul class=\"the_br  align_left pilled  md-color-default\" data-align-crumb=\"align_left\" data-text-pos=\"text-bottom\" data-breadcrumb-type=\"pilled\" data-theme=\"default\" data-show-front-end=\"yes\" data-show-inside=\"no\">\n\t\t\t\t\t\t\t\t\t\t\n\t\t\t\t\t\t\t\t\t\t<\/ul>\n\t\t\t\t\t\t\t\t\t\t<div class=\"nf_progressbar the_br\" style=\"display:none;\" data-text-pos=\"text-bottom\" data-breadcrumb-type=\"pilled\" data-theme=\"default\" data-show-front-end=\"yes\" data-show-inside=\"no\">\n\t\t\t\t\t\t\t\t\t\t\t<div class=\"nf_progressbar_percentage md-color-default\" style=\"width:5%;\">\n\t\t\t\t\t\t\t\t\t\t\t\t<span>0%<\/span>\n\t\t\t\t\t\t\t\t\t\t\t<\/div>\n\t\t\t\t\t\t\t\t\t\t<\/div>\n\t\t\t\t\t\t\t\t\t\t\n\t\t\t\t\t\t\t\t\t\t<div style=\"clear:both\"><\/div>\n\t\t\t\t\t\t\t\t\t<\/div><\/div><\/div><div id=\"the_plugin_url\" style=\"display:none;\">https:\/\/geic-tn.com\/wp-content\/plugins\/nex-forms<\/div><div id=\"nf_save_form_progress\" style=\"display:none;\">false<\/div><div id=\"confirmation_page\" class=\"confirmation_page\" style=\"display:none;\"><\/div><div id=\"on_form_submmision\" class=\"on_form_submmision\" style=\"display:none;\">message<\/div><div class=\"hidden\" id=\"nf_ajax_url\" style=\"display:none;\">https:\/\/geic-tn.com\/wp-admin\/admin-ajax.php<\/div><div class=\"hidden\" id=\"paypal_return_url\" style=\"display:none;\">https:\/\/geic-tn.com\/en\/wp-json\/wp\/v2\/pages\/232\/<\/div><div class=\"hidden\" id=\"ms_scroll_to_top\" style=\"display:none;\">yes<\/div><div class=\"v7_container form_type_normal   \" style=\"background: #000f57; border-radius: 4px; padding: 30px; border-color: #dddddd;\"><div class=\"current_field_on_focus\" style=\"display:none\">1<\/div><form id=\"3\" class=\"submit-nex-form nex-forms-3\" data-form-id=\"3\" name=\"nex_form\" action=\"https:\/\/geic-tn.com\/wp-admin\/admin-ajax.php\" method=\"post\" enctype=\"multipart\/form-data\"><div class=\"step_transition_in\" style=\"display:none;\">fadeIn<\/div><div class=\"step_transition_out\" style=\"display:none;\">fadeOut<\/div><input type=\"hidden\" name=\"nex_forms_Id\" value=\"3\"><input type=\"hidden\" name=\"page\" value=\"\/en\/wp-json\/wp\/v2\/pages\/232\"><input type=\"hidden\" name=\"ip\" value=\"216.73.216.216\"><input type=\"hidden\" name=\"nf_page_id\" value=\"232\"><input type=\"hidden\" name=\"nf_page_title\" value=\"Contact us\"><input type=\"text\" name=\"company_url\" value=\"\" placeholder=\"enter company url\" class=\"form-control req\">\n\t\t\t\t\t\t\t<div class=\"form_field hidden\" style=\"\" data-id=\"_75505\" id=\"_75505\">\n\t\t\t\t\t\t\t\t<input class=\"ms_current_step\" value=\"1\" name=\"ms_current_step\" type=\"hidden\" autocomplete=\"enabled\" id=\"_75505__ms_current_step\">\n\t\t\t\t\t\t\t<\/div>\n\t\t\t\t\t\t\t<div class=\"form_field all_fields heading heading html_fields\" style=\"margin-bottom: 15px; position: relative; top: 0px;\" id=\"_49659\"><div class=\"row\"><div class=\"col-sm-12\" id=\"field_container\" style=\"border-width: 0px;\"><div class=\"row\"><div class=\"col-sm-12 input_container\"><input type=\"hidden\" class=\"set_math_result\" value=\"0\" name=\"math_result\" autocomplete=\"enabled\" id=\"_49659__math_result\"><h1 class=\"the_input_element style_bold align_center\" data-math-equation=\"\" data-original-math-equation=\"\" data-decimal-places=\"0\" style=\"color: #ffffff;\">Contact us<\/h1><\/div><\/div><\/div><\/div><\/div><div class=\"grid-system-2 has_postfix_icon is_grid\" data-id=\"_32913\" id=\"_32913\" style=\"margin-bottom: 0px; margin-top: 0px;\"><div class=\"row grid_row\"><div class=\"grid_input_holder id-_32913 col-sm-6 grid-target-0\" data-grid-width=\"6\" data-grid-num=\"0\"><div class=\"form_field all_fields name preset_fields required is_focused has_postfix_icon\" style=\"margin-bottom: 0px; position: relative; top: 0px;\" data-id=\"_18683\" id=\"_18683\"><div class=\"row\"><div class=\"col-sm-12\" id=\"field_container\"><div class=\"row\"><div class=\"col-sm-12 label_container align_left\"><label class=\"nf_title \" for=\"input__18683\"><span class=\"the_label\" style=\"font-size: 13px; color: #5b5b5b;\"><\/span><\/label><\/div><div class=\"col-sm-12  input_container\"><div class=\"input-group\"><input type=\"text\" name=\"_name\" class=\"error_message required form-control the_input_element aling_left align_left\" data-onfocus-color=\"#66AFE9\" data-drop-focus-swadow=\"1\" data-placement=\"bottom\" data-content=\"Required\" title=\"\" data-secondary-message=\"\" style=\"font-size: 13px; color: #ffffff; background: #ffffff16; border-color: transparent; border-width: 0px;\" placeholder=\"*Last name\" id=\"input__18683\" autocomplete=\"enabled\"><span class=\"input-group-addon postfix\" style=\"color: #08a3cd; background-color: #ffffff16; border-color: transparent;\"><span class=\"far fa-user\"><\/span><\/span><\/div><\/div><\/div><\/div><\/div><\/div><div class=\"form_field all_fields email email preset_fields required has_postfix_icon is_focused\" style=\"margin-bottom: 15px; position: relative; top: 0px; margin-top: 15px;\" data-id=\"_71154\" id=\"_71154\"><div class=\"row\"><div class=\"col-sm-12\" id=\"field_container\"><div class=\"row\"><div class=\"col-sm-12 label_container align_left\"><label class=\"nf_title \" for=\"input__71154\"><span class=\"the_label\" style=\"font-size: 13px; color: #5b5b5b;\"><\/span><\/label><\/div><div class=\"col-sm-12  input_container\"><div class=\"input-group\"><input type=\"text\" name=\"email\" class=\"error_message required email form-control the_input_element aling_left align_left\" data-onfocus-color=\"#66AFE9\" data-drop-focus-swadow=\"1\" data-placement=\"bottom\" data-content=\"Required\" title=\"\" data-secondary-message=\"Invalid email address\" style=\"font-size: 13px; color: #5b5b5b; background: #ffffff16; border-color: #dddddd; border-width: 0px;\" placeholder=\"*Email\" id=\"input__71154\" autocomplete=\"enabled\"><span class=\"input-group-addon postfix\" style=\"color: #08a3cd; background-color: #ffffff16; border-color: transparent;\"><span class=\"far fa-envelope\"><\/span><\/span><\/div><\/div><\/div><\/div><\/div><\/div><\/div><div class=\"grid_input_holder id-_32913 col-sm-6 grid-target-1\" data-grid-width=\"6\" data-grid-num=\"1\"><div class=\"form_field all_fields name preset_fields required is_focused has_postfix_icon\" style=\"margin-bottom: 0px; position: relative; top: 0px;\" data-id=\"_18683\" id=\"_38995\"><div class=\"row\"><div class=\"col-sm-12\" id=\"field_container\"><div class=\"row\"><div class=\"col-sm-12 label_container align_left\"><label class=\"nf_title \" for=\"input__38995\"><span class=\"the_label\" style=\"font-size: 13px; color: #5b5b5b;\"><\/span><\/label><\/div><div class=\"col-sm-12  input_container\"><div class=\"input-group\"><input type=\"text\" name=\"_name\" class=\"error_message required form-control the_input_element aling_left align_left\" data-onfocus-color=\"#66AFE9\" data-drop-focus-swadow=\"1\" data-placement=\"bottom\" data-content=\"Required\" title=\"\" data-secondary-message=\"\" style=\"font-size: 13px; color: #ffffff; background: #ffffff16; border-color: transparent; border-width: 0px;\" placeholder=\"*First Name\" id=\"input__38995\" autocomplete=\"enabled\"><span class=\"input-group-addon postfix\" style=\"color: #08a3cd; background-color: #ffffff16; border-color: transparent;\"><span class=\"far fa-user\"><\/span><\/span><\/div><\/div><\/div><\/div><\/div><\/div><div class=\"form_field all_fields phone_number phone_number preset_fields required is_focused has_postfix_icon\" style=\"margin-bottom: 15px; position: relative; top: 0px; margin-top: 15px;\" data-id=\"_52005\" id=\"_52005\"><div class=\"row\"><div class=\"col-sm-12\" id=\"field_container\"><div class=\"row\"><div class=\"col-sm-12 label_container align_left\"><label class=\"nf_title \" for=\"input__52005\"><span class=\"the_label\" style=\"font-size: 13px; color: #5b5b5b;\"><\/span><\/label><\/div><div class=\"col-sm-12  input_container\"><div class=\"input-group\"><input type=\"text\" name=\"phone_number\" class=\"error_message required phone_number form-control the_input_element aling_left align_left\" data-onfocus-color=\"#66AFE9\" data-drop-focus-swadow=\"1\" data-placement=\"bottom\" data-content=\"Required\" title=\"\" data-secondary-message=\"Invalid phone number\" style=\"font-size: 13px; color: #ffffff; background: #ffffff16; border-color: #dddddd; border-width: 0px;\" placeholder=\"Phone\" id=\"input__52005\" autocomplete=\"enabled\"><span class=\"input-group-addon postfix\" style=\"color: #08a3cd; background-color: #ffffff16; border-color: transparent;\"><span class=\"fas fa-phone\"><\/span><\/span><\/div><\/div><\/div><\/div><\/div><\/div><\/div><\/div><\/div><div class=\"form_field all_fields Query preset_fields required is_focused has_postfix_icon square\" style=\"margin-bottom: 0px; margin-top: 0px;\" id=\"_30093\"><div class=\"row\"><div class=\"col-sm-12\" id=\"field_container\"><div class=\"row\"><div class=\"col-sm-12 label_container align_left\"><label class=\"nf_title \" for=\"input__30093\"><span class=\"the_label\" style=\"font-size: 13px; color: #5b5b5b;\"><\/span><\/label><\/div><div class=\"col-sm-12  input_container\"><div class=\"input-group\"><textarea name=\"query\" placeholder=\"Message\" data-maxlength-color=\"label label-success\" data-maxlength-position=\"bottom\" data-maxlength-show=\"false\" data-default-value=\"\" class=\"error_message required the_input_element textarea pre-format form-control aling_left align_left\" data-onfocus-color=\"#66AFE9\" data-drop-focus-swadow=\"1\" data-placement=\"bottom\" data-content=\"Required\" title=\"\" style=\"font-size: 13px; color: #5b5b5b; background: 0% 0% \/ auto repeat #ffffff16; border-color: #dddddd; border-width: 0px;\" id=\"input__30093\"><\/textarea><span class=\"input-group-addon postfix\" style=\"color: #08a3cd; border-color: transparent; background-color: #ffffff16;\"><span class=\"far fa-comment\"><\/span><\/span><\/div><\/div><\/div><\/div><\/div><\/div><div class=\"form_field all_fields submit-button submit-button the_submit button_fields common_fields preset_fields special_fields selection_fields square\" style=\"margin-bottom: 15px; margin-top: 21px;\" id=\"_88484\"><div class=\"row\"><div class=\"col-sm-12\" id=\"field_container\"><div class=\"row\"><div class=\"col-sm-12 input_container\"><button class=\"nex-submit svg_ready the_input_element btn btn-default col-sm-12\" data-ga=\"\" style=\"background-color: #ffffff16; color: #ffffff; border-width: 0px;\">Send<\/button><\/div><\/div><\/div><\/div><\/div><div style=\"clear:both;\"><\/div><\/form><\/div><\/div><div class=\"nex_success_message msg_bottom msgv2 animated hidden\" style=\"display:none;\"><div class=\"nex_success_message_container\" style=\"background: #fff; box-shadow: #00000033 0px 7px 16px 0px; border-radius: 4px; padding: 30px; border-color:#ddd;\"><div class=\"msg_text\"><div class=\"form_field all_fields icon html_fields wow bounceInUp\" style=\"margin-bottom: 15px;\" id=\"_21501\" data-animation-name=\"bounceInUp\">\n\t\t\t\t\t\t\t  <div class=\"edit_mask\"><\/div>\n\t\t\t\t\t\t\t  \n\t\t\t\t\t\t\t\t<div class=\"icon_container_wrapper icon_center\">\n\t\t\t\t\t\t\t\t  <div class=\"icon_container\" id=\"field_container\" style=\"border-width: 0px; background-color: transparent;\">\n\t\t\t\t\t\t\t\t\t<div class=\"\">\n\t\t\t\t\t\t\t\t\t  <div class=\"input_container\">\n\t\t\t\t\t\t\t\t\t\t<div class=\"the_input_element icon_element\" style=\"font-size: 50px; color: #8bc34a;\"><span class=\"fas fa-check-circle\"><\/span><\/div>\n\t\t\t\t\t\t\t\t\t  <\/div>\n\t\t\t\t\t\t\t\t\t<\/div>\n\t\t\t\t\t\t\t\t  <\/div>\n\t\t\t\t\t\t\t\t  \n\t\t\t\t\t\t\t\t<\/div>\n\t\t\t\t\t\t\t  \n\t\t\t\t\t\t\t<\/div>\n\t\t\t\t\t\t\t<div class=\"form_field all_fields html html_fields wow fadeInDown\" style=\"margin-bottom: 15px;\" data-animation-name=\"fadeInDown\" data-wow-delay=\"0.5s\" id=\"_21457\">\n\t\t\t\t\t\t\t  <div class=\"edit_mask\"><\/div>\n\t\t\t\t\t\t\t  \n\t\t\t\t\t\t\t\t<div class=\"row\">\n\t\t\t\t\t\t\t\t  <div class=\"col-sm-12\" id=\"field_container\">\n\t\t\t\t\t\t\t\t\t<div class=\"row\">\n\t\t\t\t\t\t\t\t\t  <div class=\"col-sm-12 input_container\">\n\t\t\t\t\t\t\t\t\t\t<div class=\"the_input_element align_center\" data-math-equation=\"\" data-original-math-equation=\"\" data-decimal-places=\"0\">Merci de vous \u00eatre connect\u00e9 avec nous. Nous vous r\u00e9pondrons prochainement.<\/div>\n\t\t\t\t\t\t\t\t\t\t<div style=\"clear:both;\"><\/div>\n\t\t\t\t\t\t\t\t\t  <\/div>\n\t\t\t\t\t\t\t\t\t<\/div>\n\t\t\t\t\t\t\t\t  <\/div>\n\t\t\t\t\t\t\t\t  \n\t\t\t\t\t\t\t\t<\/div>\n\t\t\t\t\t\t\t  \n\t\t\t\t\t\t\t<\/div><\/div><\/div><\/div><\/div><\/div><\/div><style type=\"text\/css\" class=\"nex-forms-custom-css\"><\/style><\/div>\r\n        <\/div>\r\n    <\/div>\r\n<\/section>\r\n<div class=\"contact-map\"><iframe loading=\"lazy\" style=\"border: 0;\" src=\"https:\/\/www.google.com\/maps\/embed?pb=!1m14!1m8!1m3!1d13114.087163262733!2d10.7537303!3d34.7424465!3m2!1i1024!2i768!4f13.1!3m3!1m2!1s0x0%3A0xafc1bab0bb416ef0!2sGEIC!5e0!3m2!1sfr!2stn!4v1669242107621!5m2!1sfr!2stn\" width=\"100%\" height=\"450\" allowfullscreen=\"allowfullscreen\"><\/iframe><\/div>\r\n<script><\/script>","protected":false},"excerpt":{"rendered":"<p>Contact informations Phone: +216 74 461 905+216 74 461 907 Mail: geic@tunet.tncontact@geic.com Address: Road Majida Boulila faiez buildingapartement M2 Sfax &#8211; Tunisia<\/p>\n","protected":false},"author":1,"featured_media":0,"parent":0,"menu_order":0,"comment_status":"closed","ping_status":"closed","template":"","meta":{"footnotes":""},"class_list":["post-232","page","type-page","status-publish","hentry"],"_links":{"self":[{"href":"https:\/\/geic-tn.com\/en\/wp-json\/wp\/v2\/pages\/232","targetHints":{"allow":["GET"]}}],"collection":[{"href":"https:\/\/geic-tn.com\/en\/wp-json\/wp\/v2\/pages"}],"about":[{"href":"https:\/\/geic-tn.com\/en\/wp-json\/wp\/v2\/types\/page"}],"author":[{"embeddable":true,"href":"https:\/\/geic-tn.com\/en\/wp-json\/wp\/v2\/users\/1"}],"replies":[{"embeddable":true,"href":"https:\/\/geic-tn.com\/en\/wp-json\/wp\/v2\/comments?post=232"}],"version-history":[{"count":8,"href":"https:\/\/geic-tn.com\/en\/wp-json\/wp\/v2\/pages\/232\/revisions"}],"predecessor-version":[{"id":336,"href":"https:\/\/geic-tn.com\/en\/wp-json\/wp\/v2\/pages\/232\/revisions\/336"}],"wp:attachment":[{"href":"https:\/\/geic-tn.com\/en\/wp-json\/wp\/v2\/media?parent=232"}],"curies":[{"name":"wp","href":"https:\/\/api.w.org\/{rel}","templated":true}]}}